{"id":17,"date":"2018-05-29T11:14:04","date_gmt":"2018-05-29T11:14:04","guid":{"rendered":"http:\/\/xtratheme.com\/default\/?page_id=17"},"modified":"2025-06-02T01:58:12","modified_gmt":"2025-06-02T00:58:12","slug":"contact","status":"publish","type":"page","link":"https:\/\/marusabg.com\/fr\/contact\/","title":{"rendered":"Contact"},"content":{"rendered":"\t\t<div data-elementor-type=\"wp-page\" data-elementor-id=\"17\" class=\"elementor elementor-17\" data-elementor-post-type=\"page\">\n\t\t\t\t<div class=\"elementor-element elementor-element-5789112 e-con-full e-flex wpr-particle-no wpr-jarallax-no wpr-parallax-no wpr-sticky-section-no e-con e-parent\" data-id=\"5789112\" data-element_type=\"container\" data-settings=\"{&quot;background_background&quot;:&quot;classic&quot;}\">\n\t\t<div class=\"elementor-element elementor-element-ea7d08d e-con-full e-flex wpr-particle-no wpr-jarallax-no wpr-parallax-no wpr-sticky-section-no e-con e-child\" data-id=\"ea7d08d\" data-element_type=\"container\">\n\t\t\t\t<div class=\"elementor-element elementor-element-510a11a elementor-widget elementor-widget-heading\" data-id=\"510a11a\" data-element_type=\"widget\" data-widget_type=\"heading.default\">\n\t\t\t\t\t<h2 class=\"elementor-heading-title elementor-size-default\">Voulez-vous discuter ?\n\n<\/h2>\t\t\t\t<\/div>\n\t\t\t\t<div class=\"elementor-element elementor-element-d568c83 elementor-widget__width-initial elementor-widget elementor-widget-text-editor\" data-id=\"d568c83\" data-element_type=\"widget\" data-widget_type=\"text-editor.default\">\n\t\t\t\t\t\t\t\t\t<section class=\"elementor-section elementor-top-section elementor-element elementor-element-4f86aa3f elementor-section-boxed elementor-section-height-default elementor-section-height-default wpr-particle-no wpr-jarallax-no wpr-parallax-no wpr-sticky-section-no\" data-id=\"4f86aa3f\" data-element_type=\"section\"><div class=\"elementor-container elementor-column-gap-default\" style=\"text-align: center;\"><div class=\"elementor-column elementor-col-100 elementor-top-column elementor-element elementor-element-2af544d7\" data-id=\"2af544d7\" data-element_type=\"column\"><div class=\"elementor-widget-wrap elementor-element-populated\"><div class=\"elementor-element elementor-element-398b5698 elementor-widget elementor-widget-text-editor\" data-id=\"398b5698\" data-element_type=\"widget\" data-widget_type=\"text-editor.default\"><article class=\"text-token-text-primary w-full\" dir=\"auto\" data-testid=\"conversation-turn-3\" data-scroll-anchor=\"false\"><div class=\"text-base my-auto mx-auto py-5 [--thread-content-margin:--spacing(4)] @[37rem]:[--thread-content-margin:--spacing(6)] @[72rem]:[--thread-content-margin:--spacing(16)] px-(--thread-content-margin)\"><div class=\"[--thread-content-max-width:32rem] @[34rem]:[--thread-content-max-width:40rem] @[64rem]:[--thread-content-max-width:48rem] mx-auto flex max-w-(--thread-content-max-width) flex-1 text-base gap-4 md:gap-5 lg:gap-6 group\/turn-messages focus-visible:outline-hidden\" tabindex=\"-1\"><div class=\"group\/conversation-turn relative flex w-full min-w-0 flex-col\"><div class=\"relative flex-col gap-1 md:gap-3\"><div class=\"flex max-w-full flex-col grow\"><div class=\"min-h-8 text-message relative flex w-full flex-col items-end gap-2 text-start break-words whitespace-normal [.text-message+&amp;]:mt-5\" dir=\"auto\" data-message-author-role=\"user\" data-message-id=\"c21e02ff-0365-48ae-87af-5c0285c92907\"><div class=\"flex w-full flex-col gap-1 empty:hidden items-end rtl:items-start\"><div class=\"relative max-w-[var(--user-chat-width,70%)] bg-token-message-surface rounded-3xl px-5 py-2.5\"><div class=\"whitespace-pre-wrap\">Envoyez-nous vos commentaires, Nous adorons l&#8217;entends !<\/div><\/div><\/div><\/div><\/div><\/div><\/div><\/div><\/div><\/article><\/div><\/div><\/div><\/div><\/section>\t\t\t\t\t\t\t\t<\/div>\n\t\t\t\t<\/div>\n\t\t\t\t<\/div>\n\t\t\t\t<section class=\"elementor-section elementor-top-section elementor-element elementor-element-221df75 elementor-section-boxed elementor-section-height-default elementor-section-height-default wpr-particle-no wpr-jarallax-no wpr-parallax-no wpr-sticky-section-no\" data-id=\"221df75\" data-element_type=\"section\">\n\t\t\t\t\t\t<div class=\"elementor-container elementor-column-gap-default\">\n\t\t\t\t\t<div class=\"elementor-column elementor-col-100 elementor-top-column elementor-element elementor-element-126ef84\" data-id=\"126ef84\" data-element_type=\"column\">\n\t\t\t<div class=\"elementor-widget-wrap elementor-element-populated\">\n\t\t\t\t\t\t<div class=\"elementor-element elementor-element-23df18a elementor-widget elementor-widget-cz_title\" data-id=\"23df18a\" data-element_type=\"widget\" data-widget_type=\"cz_title.default\">\n\t\t\t\t<div class=\"elementor-widget-container\">\n\t\t\t\t\t\t\r\n\t\t<div>\r\n\t\t\t<div class=\"cz_title clr cz_title_pos_inline tac\"><div class=\"cz_title_shape shape_icon cz_shape_1\"><i class=\"fa czico-200-down-arrow\"><\/i><\/div><div class=\"cz_title_shape shape_icon cz_shape_2\"><i class=\"fa fa-caret-down\"><\/i><\/div><div class=\"cz_title_content\"><div class=\"cz_wpe_content\"><p style=\"text-align: center;\">CONTACT<\/p><h2 style=\"text-align: center;\"><span style=\"font-size: 32px;\">Contactez-nous<\/span><\/h2><\/div><\/div><\/div>\r\n\t\t<\/div>\r\n\t\t\r\n\t\t\t\t\t\t<\/div>\n\t\t\t\t<\/div>\n\t\t\t\t<div class=\"elementor-element elementor-element-cc2bcde elementor-widget elementor-widget-text-editor\" data-id=\"cc2bcde\" data-element_type=\"widget\" data-widget_type=\"text-editor.default\">\n\t\t\t\t\t\t\t\t\t<section class=\"elementor-section elementor-top-section elementor-element elementor-element-4f86aa3f elementor-section-boxed elementor-section-height-default elementor-section-height-default wpr-particle-no wpr-jarallax-no wpr-parallax-no wpr-sticky-section-no\" data-id=\"4f86aa3f\" data-element_type=\"section\"><div class=\"elementor-container elementor-column-gap-default\"><div class=\"elementor-column elementor-col-100 elementor-top-column elementor-element elementor-element-2af544d7\" data-id=\"2af544d7\" data-element_type=\"column\"><div class=\"elementor-widget-wrap elementor-element-populated\"><div class=\"elementor-element elementor-element-398b5698 elementor-widget elementor-widget-text-editor\" data-id=\"398b5698\" data-element_type=\"widget\" data-widget_type=\"text-editor.default\"><p>Nous sommes heureux de r\u00e9pondre \u00e0 toutes vos questions et de vous aider dans vos d\u00e9marches. Que ce soit pour obtenir plus d\u2019informations, soumettre une demande ou discuter d\u2019une collaboration, nous sommes \u00e0 votre disposition.<\/p><\/div><\/div><\/div><\/div><\/section>\t\t\t\t\t\t\t\t<\/div>\n\t\t\t\t\t<\/div>\n\t\t<\/div>\n\t\t\t\t\t<\/div>\n\t\t<\/section>\n\t\t<div class=\"elementor-element elementor-element-86178c0 e-con-full e-flex wpr-particle-no wpr-jarallax-no wpr-parallax-no wpr-sticky-section-no e-con e-parent\" data-id=\"86178c0\" data-element_type=\"container\">\n\t\t<div class=\"elementor-element elementor-element-8fe5a13 e-con-full e-flex wpr-particle-no wpr-jarallax-no wpr-parallax-no wpr-sticky-section-no e-con e-child\" data-id=\"8fe5a13\" data-element_type=\"container\">\n\t\t\t\t<div class=\"elementor-element elementor-element-40f04ef z99 elementor-widget elementor-widget-cz_service_box\" data-id=\"40f04ef\" data-element_type=\"widget\" data-widget_type=\"cz_service_box.default\">\n\t\t\t\t<div class=\"elementor-widget-container\">\n\t\t\t\t\t<a href=\"https:\/\/google.com\/maps\/\"><div class=\"services clr style1 cz_sbi_fx_6 services_b\"><div class=\"service_custom\"><i class=\"fa fa-map-marker\"><\/i><\/div><div class=\"service_text\"><h3>Adresse physique\u200b<\/h3><div class=\"cz_wpe_content\"><p><span style=\"color: #ffffff;\">Rez de chauss\u00e9e du 13, Rue Acharif Elidrissi, Maarif, Casablanca<\/span><\/p><\/div><\/div><\/div><\/a>\t\t\t\t<\/div>\n\t\t\t\t<\/div>\n\t\t\t\t<\/div>\n\t\t<div class=\"elementor-element elementor-element-d25d22d e-con-full e-flex wpr-particle-no wpr-jarallax-no wpr-parallax-no wpr-sticky-section-no e-con e-child\" data-id=\"d25d22d\" data-element_type=\"container\">\n\t\t\t\t<div class=\"elementor-element elementor-element-eba7063 z99 elementor-widget elementor-widget-cz_service_box\" data-id=\"eba7063\" data-element_type=\"widget\" data-widget_type=\"cz_service_box.default\">\n\t\t\t\t<div class=\"elementor-widget-container\">\n\t\t\t\t\t<a href=\"tel:+1800333445\"><div class=\"services clr style1 cz_sbi_fx_6 services_b\"><div class=\"service_custom\"><i class=\"fas fa-clock\"><\/i><\/div><div class=\"service_text\"><h3>Num\u00e9ros de t\u00e9l\u00e9phone<\/h3><div class=\"cz_wpe_content\"><p><span style=\"color: #ffffff;\">lundi au vendredi: 09h \u2013 18h<\/span><br \/><span style=\"color: #ffffff;\">Samedi: 09h \u201313h<\/span><\/p><\/div><\/div><\/div><\/a>\t\t\t\t<\/div>\n\t\t\t\t<\/div>\n\t\t\t\t<\/div>\n\t\t<div class=\"elementor-element elementor-element-3f62555 e-con-full e-flex wpr-particle-no wpr-jarallax-no wpr-parallax-no wpr-sticky-section-no e-con e-child\" data-id=\"3f62555\" data-element_type=\"container\">\n\t\t\t\t<div class=\"elementor-element elementor-element-d4f9fc6 z99 elementor-widget elementor-widget-cz_service_box\" data-id=\"d4f9fc6\" data-element_type=\"widget\" data-widget_type=\"cz_service_box.default\">\n\t\t\t\t<div class=\"elementor-widget-container\">\n\t\t\t\t\t<a href=\"mailto:info@xtrabusiness.co\"><div class=\"services clr style1 cz_sbi_fx_6 services_b\"><div class=\"service_custom\"><i class=\"fa fa-envelope\"><\/i><\/div><div class=\"service_text\"><h3>Email<\/h3><div class=\"cz_wpe_content\"><p><span style=\"color: #ffffff;\">contact@marusabg.com info.marusabg@gmail.com<\/span><\/p><\/div><\/div><\/div><\/a>\t\t\t\t<\/div>\n\t\t\t\t<\/div>\n\t\t\t\t<\/div>\n\t\t<div class=\"elementor-element elementor-element-f176e06 e-con-full e-flex wpr-particle-no wpr-jarallax-no wpr-parallax-no wpr-sticky-section-no e-con e-child\" data-id=\"f176e06\" data-element_type=\"container\">\n\t\t\t\t<div class=\"elementor-element elementor-element-0810020 z99 elementor-widget elementor-widget-cz_service_box\" data-id=\"0810020\" data-element_type=\"widget\" data-widget_type=\"cz_service_box.default\">\n\t\t\t\t<div class=\"elementor-widget-container\">\n\t\t\t\t\t<a href=\"tel:+1800333445\"><div class=\"services clr style1 cz_sbi_fx_6 services_b\"><div class=\"service_custom\"><i class=\"fa fa-phone\"><\/i><\/div><div class=\"service_text\"><h3>Num\u00e9ros de t\u00e9l\u00e9phone<\/h3><div class=\"cz_wpe_content\"><p><span style=\"color: #ffffff;\">05 22 23 04 37<\/span><br \/><span style=\"color: #ffffff;\">\u00a0<\/span><span style=\"color: #ffffff;\">06 78 45 28 34<\/span><\/p><\/div><\/div><\/div><\/a>\t\t\t\t<\/div>\n\t\t\t\t<\/div>\n\t\t\t\t<\/div>\n\t\t\t\t<\/div>\n\t\t<div class=\"elementor-element elementor-element-2b1f571 e-flex e-con-boxed wpr-particle-no wpr-jarallax-no wpr-parallax-no wpr-sticky-section-no e-con e-parent\" data-id=\"2b1f571\" data-element_type=\"container\">\n\t\t\t\t\t<div class=\"e-con-inner\">\n\t\t<div class=\"elementor-element elementor-element-fd275d6 e-con-full e-flex wpr-particle-no wpr-jarallax-no wpr-parallax-no wpr-sticky-section-no e-con e-child\" data-id=\"fd275d6\" data-element_type=\"container\">\n\t\t\t\t<div class=\"elementor-element elementor-element-e22e23f elementor-hidden-mobile elementor-widget elementor-widget-image\" data-id=\"e22e23f\" data-element_type=\"widget\" data-widget_type=\"image.default\">\n\t\t\t\t\t\t\t\t\t\t\t\t\t\t\t<img fetchpriority=\"high\" decoding=\"async\" width=\"1024\" height=\"683\" src=\"https:\/\/marusabg.com\/wp-content\/uploads\/2025\/05\/ChatGPT-Image-31-mai-2025-23_23_20-1024x683.png\" class=\"attachment-large size-large wp-image-3987\" alt=\"\" srcset=\"https:\/\/marusabg.com\/wp-content\/uploads\/2025\/05\/ChatGPT-Image-31-mai-2025-23_23_20-1024x683.png 1024w, https:\/\/marusabg.com\/wp-content\/uploads\/2025\/05\/ChatGPT-Image-31-mai-2025-23_23_20-300x200.png 300w, https:\/\/marusabg.com\/wp-content\/uploads\/2025\/05\/ChatGPT-Image-31-mai-2025-23_23_20-768x512.png 768w, https:\/\/marusabg.com\/wp-content\/uploads\/2025\/05\/ChatGPT-Image-31-mai-2025-23_23_20.png 1536w\" sizes=\"(max-width: 1024px) 100vw, 1024px\" \/>\t\t\t\t\t\t\t\t\t\t\t\t\t\t\t<\/div>\n\t\t\t\t<div class=\"elementor-element elementor-element-6e58bbb elementor-widget elementor-widget-google_maps\" data-id=\"6e58bbb\" data-element_type=\"widget\" data-widget_type=\"google_maps.default\">\n\t\t\t\t\t\t\t<div class=\"elementor-custom-embed\">\n\t\t\t<iframe loading=\"lazy\"\n\t\t\t\t\tsrc=\"https:\/\/maps.google.com\/maps?q=Rez%20de%20chauss%C3%A9e%20du%2013%2C%20Rue%20Acharif%20Elidrissi%2C%20Maarif%2C%20Casablanca&#038;t=m&#038;z=10&#038;output=embed&#038;iwloc=near\"\n\t\t\t\t\ttitle=\"Rez de chauss\u00e9e du 13, Rue Acharif Elidrissi, Maarif, Casablanca\"\n\t\t\t\t\taria-label=\"Rez de chauss\u00e9e du 13, Rue Acharif Elidrissi, Maarif, Casablanca\"\n\t\t\t><\/iframe>\n\t\t<\/div>\n\t\t\t\t\t\t<\/div>\n\t\t\t\t<\/div>\n\t\t<div class=\"elementor-element elementor-element-e9ea305 e-con-full e-flex wpr-particle-no wpr-jarallax-no wpr-parallax-no wpr-sticky-section-no e-con e-child\" data-id=\"e9ea305\" data-element_type=\"container\" data-settings=\"{&quot;background_background&quot;:&quot;classic&quot;}\">\n\t\t\t\t<div class=\"elementor-element elementor-element-8500816 eael-wpforms-labels-yes eael-wpforms-form-button-custom elementor-widget elementor-widget-eael-wpforms\" data-id=\"8500816\" data-element_type=\"widget\" data-widget_type=\"eael-wpforms.default\">\n\t\t\t\t\t            <div class=\"eael-contact-form eael-wpforms eael-custom-radio-checkbox eael-wpforms-align-default\">\n                                <div class=\"wpforms-container wpforms-render-modern\" id=\"wpforms-1709\"><form id=\"wpforms-form-1709\" class=\"wpforms-validate wpforms-form\" data-formid=\"1709\" method=\"post\" enctype=\"multipart\/form-data\" action=\"\/fr\/wp-json\/wp\/v2\/pages\/17\" data-token=\"bf3407f26e10381c1309100be5bdfa09\"><div class=\"wpforms-head-container\"><\/div><noscript class=\"wpforms-error-noscript\">Veuillez activer JavaScript dans votre navigateur pour remplir ce formulaire.<\/noscript><div class=\"wpforms-hidden\" id=\"wpforms-error-noscript\">Veuillez activer JavaScript dans votre navigateur pour remplir ce formulaire.<\/div><div class=\"wpforms-field-container\"><div id=\"wpforms-1709-field_0-container\" class=\"wpforms-field wpforms-field-name\" data-field-id=\"0\"><label class=\"wpforms-field-label\" for=\"wpforms-1709-field_0\">Nom et Pr\u00e9nom  <span class=\"wpforms-required-label\" aria-hidden=\"true\">*<\/span><\/label><input type=\"text\" id=\"wpforms-1709-field_0\" class=\"wpforms-field-large wpforms-field-required\" name=\"wpforms[fields][0]\" aria-errormessage=\"wpforms-1709-field_0-error\" required><\/div><div id=\"wpforms-1709-field_1-container\" class=\"wpforms-field wpforms-field-email\" data-field-id=\"1\"><label class=\"wpforms-field-label\" for=\"wpforms-1709-field_1\">Email Address <span class=\"wpforms-required-label\" aria-hidden=\"true\">*<\/span><\/label><input type=\"email\" id=\"wpforms-1709-field_1\" class=\"wpforms-field-large wpforms-field-required\" name=\"wpforms[fields][1]\" spellcheck=\"false\" aria-errormessage=\"wpforms-1709-field_1-error\" required><\/div><div id=\"wpforms-1709-field_3-container\" class=\"wpforms-field wpforms-field-text\" data-field-id=\"3\"><label class=\"wpforms-field-label\" for=\"wpforms-1709-field_3\">Telephone *<\/label><input type=\"text\" id=\"wpforms-1709-field_3\" class=\"wpforms-field-large\" name=\"wpforms[fields][3]\" aria-errormessage=\"wpforms-1709-field_3-error\" ><\/div><div id=\"wpforms-1709-field_4-container\" class=\"wpforms-field wpforms-field-radio\" data-field-id=\"4\"><fieldset><legend class=\"wpforms-field-label\">Nos Packs *<\/legend><ul id=\"wpforms-1709-field_4\"><li class=\"choice-1 depth-1\"><input type=\"radio\" id=\"wpforms-1709-field_4_1\" name=\"wpforms[fields][4]\" value=\"Domiciliation 6 Mois 800 DH\/TTC\" aria-errormessage=\"wpforms-1709-field_4_1-error\"  ><label class=\"wpforms-field-label-inline\" for=\"wpforms-1709-field_4_1\">Domiciliation 6 Mois 800 DH\/TTC<\/label><\/li><li class=\"choice-2 depth-1\"><input type=\"radio\" id=\"wpforms-1709-field_4_2\" name=\"wpforms[fields][4]\" value=\"Domiciliation 12 Mois 1200 DH\/TTC\" aria-errormessage=\"wpforms-1709-field_4_2-error\"  ><label class=\"wpforms-field-label-inline\" for=\"wpforms-1709-field_4_2\">Domiciliation 12 Mois 1200 DH\/TTC<\/label><\/li><li class=\"choice-3 depth-1\"><input type=\"radio\" id=\"wpforms-1709-field_4_3\" name=\"wpforms[fields][4]\" value=\"Domiciliation 24 Mois 1850 DH\/TTC\" aria-errormessage=\"wpforms-1709-field_4_3-error\"  ><label class=\"wpforms-field-label-inline\" for=\"wpforms-1709-field_4_3\">Domiciliation 24 Mois 1850 DH\/TTC<\/label><\/li><li class=\"choice-5 depth-1\"><input type=\"radio\" id=\"wpforms-1709-field_4_5\" name=\"wpforms[fields][4]\" value=\"Pack Cr\u00e9ation Basique 3900 DH\/TTC\" aria-errormessage=\"wpforms-1709-field_4_5-error\"  ><label class=\"wpforms-field-label-inline\" for=\"wpforms-1709-field_4_5\">Pack Cr\u00e9ation Basique 3900 DH\/TTC<\/label><\/li><li class=\"choice-4 depth-1\"><input type=\"radio\" id=\"wpforms-1709-field_4_4\" name=\"wpforms[fields][4]\" value=\"Pack Cr\u00e9ation Prestige 6500 DH\/TTC\" aria-errormessage=\"wpforms-1709-field_4_4-error\"  ><label class=\"wpforms-field-label-inline\" for=\"wpforms-1709-field_4_4\">Pack Cr\u00e9ation Prestige 6500 DH\/TTC<\/label><\/li><li class=\"choice-6 depth-1\"><input type=\"radio\" id=\"wpforms-1709-field_4_6\" name=\"wpforms[fields][4]\" value=\"Pack Cr\u00e9ation Gold 13500 DH\/TTC\" aria-errormessage=\"wpforms-1709-field_4_6-error\"  ><label class=\"wpforms-field-label-inline\" for=\"wpforms-1709-field_4_6\">Pack Cr\u00e9ation Gold 13500 DH\/TTC<\/label><\/li><\/ul><\/fieldset><\/div><div id=\"wpforms-1709-field_2-container\" class=\"wpforms-field wpforms-field-textarea\" data-field-id=\"2\"><label class=\"wpforms-field-label\" for=\"wpforms-1709-field_2\">Comment or Message <span class=\"wpforms-required-label\" aria-hidden=\"true\">*<\/span><\/label><textarea id=\"wpforms-1709-field_2\" class=\"wpforms-field-large wpforms-field-required\" name=\"wpforms[fields][2]\" aria-errormessage=\"wpforms-1709-field_2-error\" required><\/textarea><\/div><\/div><!-- .wpforms-field-container --><div class=\"wpforms-submit-container\" ><input type=\"hidden\" name=\"wpforms[id]\" value=\"1709\"><input type=\"hidden\" name=\"wpforms[author]\" value=\"1\"><button type=\"submit\" name=\"wpforms[submit]\" id=\"wpforms-submit-1709\" class=\"wpforms-submit\" data-alt-text=\"Envoi en cours\" data-submit-text=\"Envoyer\" aria-live=\"assertive\" value=\"wpforms-submit\">Envoyer<\/button><\/div><\/form><\/div>  <!-- .wpforms-container -->            <\/div>\n\t\t\t\t<\/div>\n\t\t\t\t<\/div>\n\t\t\t\t\t<\/div>\n\t\t\t\t<\/div>\n\t\t\t\t<\/div>\n\t\t","protected":false},"excerpt":{"rendered":"<p>Voulez-vous discuter ? Envoyez-nous vos commentaires, Nous adorons l&#8217;entends ! CONTACT &#8230; <\/p>\n","protected":false},"author":1,"featured_media":0,"parent":0,"menu_order":0,"comment_status":"closed","ping_status":"closed","template":"elementor_header_footer","meta":{"_eb_attr":"","wprm-recipe-roundup-name":"","wprm-recipe-roundup-description":"","footnotes":""},"class_list":["post-17","page","type-page","status-publish","hentry"],"_links":{"self":[{"href":"https:\/\/marusabg.com\/fr\/wp-json\/wp\/v2\/pages\/17","targetHints":{"allow":["GET"]}}],"collection":[{"href":"https:\/\/marusabg.com\/fr\/wp-json\/wp\/v2\/pages"}],"about":[{"href":"https:\/\/marusabg.com\/fr\/wp-json\/wp\/v2\/types\/page"}],"author":[{"embeddable":true,"href":"https:\/\/marusabg.com\/fr\/wp-json\/wp\/v2\/users\/1"}],"replies":[{"embeddable":true,"href":"https:\/\/marusabg.com\/fr\/wp-json\/wp\/v2\/comments?post=17"}],"version-history":[{"count":75,"href":"https:\/\/marusabg.com\/fr\/wp-json\/wp\/v2\/pages\/17\/revisions"}],"predecessor-version":[{"id":4957,"href":"https:\/\/marusabg.com\/fr\/wp-json\/wp\/v2\/pages\/17\/revisions\/4957"}],"wp:attachment":[{"href":"https:\/\/marusabg.com\/fr\/wp-json\/wp\/v2\/media?parent=17"}],"curies":[{"name":"wp","href":"https:\/\/api.w.org\/{rel}","templated":true}]}}