{"id":865,"date":"2018-05-29T11:12:41","date_gmt":"2018-05-29T11:12:41","guid":{"rendered":"http:\/\/xtratheme.com\/default\/?page_id=11"},"modified":"2025-06-04T14:33:55","modified_gmt":"2025-06-04T13:33:55","slug":"services","status":"publish","type":"page","link":"https:\/\/marusabg.com\/fr\/services\/","title":{"rendered":"Services"},"content":{"rendered":"\t\t<div data-elementor-type=\"wp-page\" data-elementor-id=\"865\" class=\"elementor elementor-865\" data-elementor-post-type=\"page\">\n\t\t\t\t<div class=\"elementor-element elementor-element-f5e6e23 e-flex e-con-boxed wpr-particle-no wpr-jarallax-no wpr-parallax-no wpr-sticky-section-no e-con e-parent\" data-id=\"f5e6e23\" data-element_type=\"container\">\n\t\t\t\t\t<div class=\"e-con-inner\">\n\t\t\t\t\t<\/div>\n\t\t\t\t<\/div>\n\t\t<div class=\"elementor-element elementor-element-adc2ccd e-flex e-con-boxed wpr-particle-no wpr-jarallax-no wpr-parallax-no wpr-sticky-section-no e-con e-parent\" data-id=\"adc2ccd\" data-element_type=\"container\" data-settings=\"{&quot;background_background&quot;:&quot;slideshow&quot;,&quot;background_slideshow_gallery&quot;:[{&quot;id&quot;:4962,&quot;url&quot;:&quot;https:\\\/\\\/marusabg.com\\\/wp-content\\\/uploads\\\/2025\\\/06\\\/standard-quality-control-collage-1-scaled.jpg&quot;},{&quot;id&quot;:4963,&quot;url&quot;:&quot;https:\\\/\\\/marusabg.com\\\/wp-content\\\/uploads\\\/2025\\\/06\\\/standard-quality-control-collage-1-1-scaled.jpg&quot;}],&quot;background_slideshow_slide_duration&quot;:200000,&quot;background_slideshow_lazyload&quot;:&quot;yes&quot;,&quot;background_slideshow_ken_burns&quot;:&quot;yes&quot;,&quot;background_slideshow_ken_burns_zoom_direction&quot;:&quot;out&quot;,&quot;background_slideshow_loop&quot;:&quot;yes&quot;,&quot;background_slideshow_slide_transition&quot;:&quot;fade&quot;,&quot;background_slideshow_transition_duration&quot;:500}\">\n\t\t\t\t\t<div class=\"e-con-inner\">\n\t\t\t\t<div class=\"elementor-element elementor-element-5c575b5 elementor-widget__width-initial elementor-widget-mobile__width-initial elementor-widget-tablet__width-initial elementor-invisible elementor-widget elementor-widget-heading\" data-id=\"5c575b5\" data-element_type=\"widget\" data-settings=\"{&quot;_animation&quot;:&quot;fadeInUp&quot;}\" data-widget_type=\"heading.default\">\n\t\t\t\t\t<h2 class=\"elementor-heading-title elementor-size-default\">NOS SERVICES\n<\/h2>\t\t\t\t<\/div>\n\t\t\t\t<div class=\"elementor-element elementor-element-a9eca15 elementor-widget-mobile__width-initial elementor-invisible elementor-widget elementor-widget-text-editor\" data-id=\"a9eca15\" data-element_type=\"widget\" data-settings=\"{&quot;_animation&quot;:&quot;fadeInUp&quot;,&quot;_animation_delay&quot;:105}\" data-widget_type=\"text-editor.default\">\n\t\t\t\t\t\t\t\t\t<p>Les services d\u2019entreprise\u00a0 sont essentiels pour aider les entreprises \u00e0 g\u00e9rer efficacement leurs finances.<\/p>\t\t\t\t\t\t\t\t<\/div>\n\t\t\t\t<div class=\"elementor-element elementor-element-c4bdfe6 elementor-widget elementor-widget-spacer\" data-id=\"c4bdfe6\" data-element_type=\"widget\" data-widget_type=\"spacer.default\">\n\t\t\t\t\t\t\t<div class=\"elementor-spacer\">\n\t\t\t<div class=\"elementor-spacer-inner\"><\/div>\n\t\t<\/div>\n\t\t\t\t\t\t<\/div>\n\t\t\t\t<div class=\"elementor-element elementor-element-76e5f83 animated-slow elementor-invisible elementor-widget elementor-widget-button\" data-id=\"76e5f83\" data-element_type=\"widget\" data-settings=\"{&quot;_animation&quot;:&quot;zoomIn&quot;,&quot;_animation_delay&quot;:600}\" data-widget_type=\"button.default\">\n\t\t\t\t\t\t\t\t\t\t<a class=\"elementor-button elementor-button-link elementor-size-sm elementor-animation-shrink\" href=\"https:\/\/marusabg.com\/contact\/\">\n\t\t\t\t\t\t<span class=\"elementor-button-content-wrapper\">\n\t\t\t\t\t\t\t\t\t<span class=\"elementor-button-text\"> Contactez-nous<\/span>\n\t\t\t\t\t<\/span>\n\t\t\t\t\t<\/a>\n\t\t\t\t\t\t\t\t<\/div>\n\t\t\t\t\t<\/div>\n\t\t\t\t<\/div>\n\t\t<div class=\"elementor-element elementor-element-b9c266f e-flex e-con-boxed wpr-particle-no wpr-jarallax-no wpr-parallax-no wpr-sticky-section-no e-con e-parent\" data-id=\"b9c266f\" data-element_type=\"container\">\n\t\t\t\t\t<div class=\"e-con-inner\">\n\t\t\t\t<div class=\"elementor-element elementor-element-3b394ea elementor-widget elementor-widget-spacer\" data-id=\"3b394ea\" data-element_type=\"widget\" data-widget_type=\"spacer.default\">\n\t\t\t\t\t\t\t<div class=\"elementor-spacer\">\n\t\t\t<div class=\"elementor-spacer-inner\"><\/div>\n\t\t<\/div>\n\t\t\t\t\t\t<\/div>\n\t\t\t\t<div class=\"elementor-element elementor-element-b8c7be7 animated-slow elementor-invisible elementor-widget elementor-widget-heading\" data-id=\"b8c7be7\" data-element_type=\"widget\" data-settings=\"{&quot;_animation&quot;:&quot;fadeInUp&quot;,&quot;_animation_delay&quot;:300}\" data-widget_type=\"heading.default\">\n\t\t\t\t\t<h2 class=\"elementor-heading-title elementor-size-default\">NOS SERVICES\n<\/h2>\t\t\t\t<\/div>\n\t\t\t\t<div class=\"elementor-element elementor-element-54459e1 animated-slow elementor-widget-divider--view-line elementor-invisible elementor-widget elementor-widget-divider\" data-id=\"54459e1\" data-element_type=\"widget\" data-settings=\"{&quot;_animation&quot;:&quot;fadeInUp&quot;,&quot;_animation_delay&quot;:500}\" data-widget_type=\"divider.default\">\n\t\t\t\t\t\t\t<div class=\"elementor-divider\">\n\t\t\t<span class=\"elementor-divider-separator\">\n\t\t\t\t\t\t<\/span>\n\t\t<\/div>\n\t\t\t\t\t\t<\/div>\n\t\t\t\t\t<\/div>\n\t\t\t\t<\/div>\n\t\t<div class=\"elementor-element elementor-element-432d2d1 e-flex e-con-boxed wpr-particle-no wpr-jarallax-no wpr-parallax-no wpr-sticky-section-no e-con e-parent\" data-id=\"432d2d1\" data-element_type=\"container\">\n\t\t\t\t\t<div class=\"e-con-inner\">\n\t\t\t\t<div class=\"elementor-element elementor-element-58a9b80 elementor-widget elementor-widget-html\" data-id=\"58a9b80\" data-element_type=\"widget\" data-widget_type=\"html.default\">\n\t\t\t\t\t<!-- Add this in your <head> section -->\r\n<link rel=\"stylesheet\" href=\"https:\/\/cdnjs.cloudflare.com\/ajax\/libs\/font-awesome\/6.4.0\/css\/all.min.css\" \/>\r\n\r\n<style>\r\n  .services-section {\r\n    max-width: 1400px;\r\n    margin: 10px auto;\r\n    padding: 10px;\r\n    font-family: 'Montserrat', 'Segoe UI', Tahoma, Geneva, Verdana, sans-serif;\r\n  }\r\n\r\n  .services-container {\r\n    display: grid;\r\n    grid-template-columns: repeat(auto-fit, minmax(300px, 1fr));\r\n    gap: 35px;\r\n    margin-bottom: 40px;\r\n  }\r\n\r\n  .service-card {\r\n    background: linear-gradient(135deg, #ffffff 0%, #f8f9fa 100%);\r\n    border-radius: 12px;\r\n    box-shadow: 0 8px 30px rgba(0, 0, 0, 0.08);\r\n    padding: 35px 30px;\r\n    text-align: center;\r\n    transition: all 0.4s cubic-bezier(0.175, 0.885, 0.32, 1.275);\r\n    cursor: default;\r\n    border: 1px solid rgba(0, 0, 0, 0.03);\r\n    position: relative;\r\n    overflow: hidden;\r\n  }\r\n\r\n  .service-card.hidden-service {\r\n    display: none;\r\n  }\r\n\r\n  .service-card::before {\r\n    content: '';\r\n    position: absolute;\r\n    top: 0;\r\n    left: 0;\r\n    width: 100%;\r\n    height: 4px;\r\n    background: linear-gradient(90deg, #0000FF, #C20020);\r\n    transform: scaleX(0);\r\n    transition: transform 0.4s ease;\r\n    transform-origin: left;\r\n  }\r\n\r\n  .service-card:hover {\r\n    transform: translateY(-10px);\r\n    box-shadow: 0 15px 35px rgba(0, 0, 0, 0.12);\r\n  }\r\n\r\n  .service-card:hover::before {\r\n    transform: scaleX(1);\r\n  }\r\n\r\n  .service-icon {\r\n    font-size: 48px;\r\n    margin-bottom: 20px;\r\n    background: linear-gradient(135deg, #0000FF 0%, #C20020 100%);\r\n    -webkit-background-clip: text;\r\n    background-clip: text;\r\n    -webkit-text-fill-color: transparent;\r\n    transition: transform 0.3s ease;\r\n  }\r\n\r\n  .service-card:hover .service-icon {\r\n    transform: scale(1.1);\r\n  }\r\n\r\n  .service-title {\r\n    font-size: 22px;\r\n    font-weight: 700;\r\n    margin-bottom: 15px;\r\n    color: #2b2d42;\r\n    position: relative;\r\n    padding-bottom: 10px;\r\n  }\r\n\r\n  .service-title::after {\r\n    content: '';\r\n    position: absolute;\r\n    bottom: 0;\r\n    left: 50%;\r\n    transform: translateX(-50%);\r\n    width: 50px;\r\n    height: 2px;\r\n    background: linear-gradient(90deg, #0000FF, #C20020);\r\n    opacity: 0.5;\r\n  }\r\n\r\n  .service-desc {\r\n    font-size: 15px;\r\n    color: #6c757d;\r\n    line-height: 1.6;\r\n    margin-top: 15px;\r\n    margin-bottom: 20px;\r\n  }\r\n\r\n  .service-btn {\r\n    display: inline-block;\r\n    padding: 8px 20px;\r\n    background: linear-gradient(135deg, #0000FF 0%, #C20020 100%);\r\n    color: white;\r\n    border-radius: 50px;\r\n    font-size: 14px;\r\n    font-weight: 500;\r\n    text-decoration: none;\r\n    transition: all 0.3s ease;\r\n    box-shadow: 0 4px 10px rgba(194, 0, 32, 0.2);\r\n    margin-top: 10px;\r\n    border: 1px solid transparent;\r\n  }\r\n\r\n  .service-btn:hover {\r\n    transform: translateY(-2px);\r\n    box-shadow: 0 6px 15px rgba(194, 0, 32, 0.3);\r\n    color: white !important;\r\n    border-color: white;\r\n  }\r\n\r\n  .btn-container {\r\n    text-align: center;\r\n    margin-top: 30px;\r\n    position: relative;\r\n  }\r\n\r\n  \/* Bouton \"Voir plus\" transparent et bordure solide *\/\r\n  .see-more-btn {\r\n    display: inline-flex;\r\n    align-items: center;\r\n    padding: 12px 30px;\r\n    background: transparent;\r\n    color: #0000FF;\r\n    border: 2px solid #0000FF;\r\n    border-radius: 50px;\r\n    font-size: 16px;\r\n    font-weight: 600;\r\n    cursor: pointer;\r\n    transition: all 0.3s ease;\r\n    box-shadow: none;\r\n  }\r\n\r\n  .see-more-btn:hover {\r\n    background: #0000FF;\r\n    color: white;\r\n    transform: translateY(-3px);\r\n    box-shadow: 0 8px 20px rgba(0, 0, 255, 0.3);\r\n  }\r\n\r\n  .see-more-btn i {\r\n    margin-left: 8px;\r\n    transition: transform 0.3s ease;\r\n  }\r\n\r\n  .see-more-btn:hover i {\r\n    transform: translateX(3px);\r\n  }\r\n\r\n  @media (max-width: 768px) {\r\n    .services-container {\r\n      grid-template-columns: repeat(auto-fit, minmax(250px, 1fr));\r\n      gap: 25px;\r\n    }\r\n    \r\n    .service-card {\r\n      padding: 25px 20px;\r\n    }\r\n  }\r\n<\/style>\r\n\r\n<div class=\"services-section\">\r\n  <div class=\"services-container\">\r\n    <!-- First 8 visible services -->\r\n    <div class=\"service-card\">\r\n      <i class=\"fas fa-building-columns service-icon\"><\/i>\r\n      <h3 class=\"service-title\">Domiciliation d'Entreprise<\/h3>\r\n      <p class=\"service-desc\">Adresse prestigieuse pour votre soci\u00e9t\u00e9 avec gestion administrative et r\u00e9ception de courrier professionnel.<\/p>\r\n      <a href=\"https:\/\/marusabg.com\/fr\/domiciliation-dentreprise\" class=\"service-btn\">En savoir plus<\/a>\r\n    <\/div>\r\n\r\n    <div class=\"service-card\">\r\n      <i class=\"fas fa-rocket service-icon\"><\/i>\r\n      <h3 class=\"service-title\">Cr\u00e9ation d'Entreprise<\/h3>\r\n      <p class=\"service-desc\">Accompagnement complet pour lancer votre activit\u00e9 rapidement et en toute conformit\u00e9 l\u00e9gale.<\/p>\r\n      <a href=\"https:\/\/marusabg.com\/fr\/creation-dentreprise\" class=\"service-btn\">En savoir plus<\/a>\r\n    <\/div>\r\n\r\n    <div class=\"service-card\">\r\n      <i class=\"fas fa-chart-line service-icon\"><\/i>\r\n      <h3 class=\"service-title\">Digital Marketing<\/h3>\r\n      <p class=\"service-desc\">Strat\u00e9gies digitales sur mesure pour maximiser votre visibilit\u00e9 et convertir vos prospects.<\/p>\r\n      <a href=\"https:\/\/marusabg.com\/fr\/digital-marketing\" class=\"service-btn\">En savoir plus<\/a>\r\n    <\/div>\r\n\r\n    <div class=\"service-card\">\r\n      <i class=\"fas fa-laptop-code service-icon\"><\/i>\r\n      <h3 class=\"service-title\">D\u00e9veloppement Web<\/h3>\r\n      <p class=\"service-desc\">Sites web performants, s\u00e9curis\u00e9s et optimis\u00e9s pour le r\u00e9f\u00e9rencement et l'exp\u00e9rience utilisateur.<\/p>\r\n      <a href=\"https:\/\/marusabg.com\/fr\/digital-marketing\" class=\"service-btn\">En savoir plus<\/a>\r\n    <\/div>\r\n\r\n    <div class=\"service-card\">\r\n      <i class=\"fas fa-money-bill-trend-up service-icon\"><\/i>\r\n      <h3 class=\"service-title\">USA LLC & Corporation<\/h3>\r\n      <p class=\"service-desc\">Cr\u00e9ation de soci\u00e9t\u00e9s aux \u00c9tats-Unis avec conseils juridiques et solutions fiscales optimales.<\/p>\r\n      <a href=\"https:\/\/marusabg.com\/fr\/usa-llc-corporation\/\" class=\"service-btn\">En savoir plus<\/a>\r\n    <\/div>\r\n\r\n    <div class=\"service-card\">\r\n      <i class=\"fas fa-briefcase service-icon\"><\/i>\r\n      <h3 class=\"service-title\">Bureaux & Salles<\/h3>\r\n      <p class=\"service-desc\">Espaces professionnels haut de gamme et \u00e9quipements premium pour vos r\u00e9unions importantes.<\/p>\r\n      <a href=\"https:\/\/marusabg.com\/fr\/bureaux-salles\/\" class=\"service-btn\">En savoir plus<\/a>\r\n    <\/div>\r\n\r\n    <div class=\"service-card\">\r\n      <i class=\"fas fa-palette service-icon\"><\/i>\r\n      <h3 class=\"service-title\">Design Graphique<\/h3>\r\n      <p class=\"service-desc\">Cr\u00e9ations visuelles impactantes pour renforcer votre identit\u00e9 et communication d'entreprise.<\/p>\r\n      <a href=\"https:\/\/marusabg.com\/fr\/digital-marketing\" class=\"service-btn\">En savoir plus<\/a>\r\n    <\/div>\r\n\r\n    <div class=\"service-card\">\r\n      <i class=\"fas fa-file-invoice-dollar service-icon\"><\/i>\r\n      <h3 class=\"service-title\">Comptabilit\u00e9 & Fiscalit\u00e9<\/h3>\r\n      <p class=\"service-desc\">Solutions comptables intelligentes et strat\u00e9gies fiscales adapt\u00e9es \u00e0 votre croissance.<\/p>\r\n      <a href=\"https:\/\/marusabg.com\/fr\/domiciliation-dentreprise\" class=\"service-btn\">En savoir plus<\/a>\r\n    <\/div>\r\n\r\n    <!-- Hidden services (will show after clicking \"Voir plus\") -->\r\n    <div class=\"service-card hidden-service\">\r\n      <i class=\"fas fa-file-contract service-icon\"><\/i>\r\n      <h3 class=\"service-title\">Modifications Statutaires<\/h3>\r\n      <p class=\"service-desc\">Gestion experte de toutes vos modifications administratives et \u00e9volutions l\u00e9gales.<\/p>\r\n      <a href=\"https:\/\/marusabg.com\/fr\/domiciliation-dentreprise\" class=\"service-btn\">En savoir plus<\/a>\r\n    <\/div>\r\n\r\n    <div class=\"service-card hidden-service\">\r\n      <i class=\"fas fa-chess-knight service-icon\"><\/i>\r\n      <h3 class=\"service-title\">Strat\u00e9gie d'Entreprise<\/h3>\r\n      <p class=\"service-desc\">Conseils strat\u00e9giques personnalis\u00e9s pour optimiser votre d\u00e9veloppement et rentabilit\u00e9.<\/p>\r\n      <a href=\"https:\/\/marusabg.com\/fr\/creation-dentreprise\" class=\"service-btn\">En savoir plus<\/a>\r\n    <\/div>\r\n  <\/div>\r\n\r\n  <div class=\"btn-container\">\r\n    <button class=\"see-more-btn\" id=\"seeMoreBtn\">\r\n      Voir plus <i class=\"fas fa-arrow-down\"><\/i>\r\n    <\/button>\r\n  <\/div>\r\n<\/div>\r\n\r\n<script>\r\n  const seeMoreBtn = document.getElementById('seeMoreBtn');\r\n  const hiddenServices = document.querySelectorAll('.hidden-service');\r\n  let showAll = false;\r\n\r\n  seeMoreBtn.addEventListener('click', function() {\r\n    if (!showAll) {\r\n      \/\/ Show all hidden services\r\n      hiddenServices.forEach(service => {\r\n        service.classList.remove('hidden-service');\r\n      });\r\n      this.innerHTML = 'Voir moins <i class=\"fas fa-arrow-up\"><\/i>';\r\n      showAll = true;\r\n    } else {\r\n      \/\/ Hide services again (keeping first 8 visible)\r\n      hiddenServices.forEach(service => {\r\n        service.classList.add('hidden-service');\r\n      });\r\n      this.innerHTML = 'Voir plus <i class=\"fas fa-arrow-down\"><\/i>';\r\n      showAll = false; \r\n    }\r\n  });\r\n<\/script>\t\t\t\t<\/div>\n\t\t\t\t\t<\/div>\n\t\t\t\t<\/div>\n\t\t<div class=\"elementor-element elementor-element-129106a e-flex e-con-boxed wpr-particle-no wpr-jarallax-no wpr-parallax-no wpr-sticky-section-no e-con e-parent\" data-id=\"129106a\" data-element_type=\"container\">\n\t\t\t\t\t<div class=\"e-con-inner\">\n\t\t\t\t<div class=\"elementor-element elementor-element-20c507d elementor-widget elementor-widget-spacer\" data-id=\"20c507d\" data-element_type=\"widget\" data-widget_type=\"spacer.default\">\n\t\t\t\t\t\t\t<div class=\"elementor-spacer\">\n\t\t\t<div class=\"elementor-spacer-inner\"><\/div>\n\t\t<\/div>\n\t\t\t\t\t\t<\/div>\n\t\t\t\t\t<\/div>\n\t\t\t\t<\/div>\n\t\t<div class=\"elementor-element elementor-element-56d43a0 e-flex e-con-boxed wpr-particle-no wpr-jarallax-no wpr-parallax-no wpr-sticky-section-no e-con e-parent\" data-id=\"56d43a0\" data-element_type=\"container\">\n\t\t\t\t\t<div class=\"e-con-inner\">\n\t\t<div class=\"elementor-element elementor-element-8592adb e-con-full e-flex wpr-jarallax-no wpr-parallax-no wpr-sticky-section-no elementor-invisible e-con e-child\" data-id=\"8592adb\" data-element_type=\"container\" data-settings=\"{&quot;background_background&quot;:&quot;classic&quot;,&quot;shape_divider_top&quot;:&quot;mountains&quot;,&quot;animation&quot;:&quot;fadeInUp&quot;,&quot;animation_delay&quot;:300}\">\n\t\t\t\t<div class=\"elementor-shape elementor-shape-top\" aria-hidden=\"true\" data-negative=\"false\">\n\t\t\t<svg xmlns=\"http:\/\/www.w3.org\/2000\/svg\" viewBox=\"0 0 1000 100\" preserveAspectRatio=\"none\">\n\t<path class=\"elementor-shape-fill\" opacity=\"0.33\" d=\"M473,67.3c-203.9,88.3-263.1-34-320.3,0C66,119.1,0,59.7,0,59.7V0h1000v59.7 c0,0-62.1,26.1-94.9,29.3c-32.8,3.3-62.8-12.3-75.8-22.1C806,49.6,745.3,8.7,694.9,4.7S492.4,59,473,67.3z\"\/>\n\t<path class=\"elementor-shape-fill\" opacity=\"0.66\" d=\"M734,67.3c-45.5,0-77.2-23.2-129.1-39.1c-28.6-8.7-150.3-10.1-254,39.1 s-91.7-34.4-149.2,0C115.7,118.3,0,39.8,0,39.8V0h1000v36.5c0,0-28.2-18.5-92.1-18.5C810.2,18.1,775.7,67.3,734,67.3z\"\/>\n\t<path class=\"elementor-shape-fill\" d=\"M766.1,28.9c-200-57.5-266,65.5-395.1,19.5C242,1.8,242,5.4,184.8,20.6C128,35.8,132.3,44.9,89.9,52.5C28.6,63.7,0,0,0,0 h1000c0,0-9.9,40.9-83.6,48.1S829.6,47,766.1,28.9z\"\/>\n<\/svg>\t\t<\/div>\n\t\t\t\t<div class=\"elementor-element elementor-element-0d46c3b elementor-view-framed elementor-widget-mobile__width-initial elementor-shape-circle elementor-widget elementor-widget-icon\" data-id=\"0d46c3b\" data-element_type=\"widget\" data-widget_type=\"icon.default\">\n\t\t\t\t\t\t\t<div class=\"elementor-icon-wrapper\">\n\t\t\t<div class=\"elementor-icon\">\n\t\t\t<i aria-hidden=\"true\" class=\"czi czico-Icon-Action-Support\"><\/i>\t\t\t<\/div>\n\t\t<\/div>\n\t\t\t\t\t\t<\/div>\n\t\t\t\t<div class=\"elementor-element elementor-element-3b59676 elementor-widget elementor-widget-heading\" data-id=\"3b59676\" data-element_type=\"widget\" data-widget_type=\"heading.default\">\n\t\t\t\t\t<h2 class=\"elementor-heading-title elementor-size-default\">\nVous souhaitez d\u00e9marrer votre projet avec nous ?\n<\/h2>\t\t\t\t<\/div>\n\t\t\t\t<div class=\"elementor-element elementor-element-aadb953 elementor-widget-mobile__width-initial elementor-widget elementor-widget-cz_button\" data-id=\"aadb953\" data-element_type=\"widget\" data-widget_type=\"cz_button.default\">\n\t\t\t\t<div class=\"elementor-widget-container\">\n\t\t\t\t\t\t\t<div class=\"\">\r\n\t\t\t<div>\r\n\t\t\t\t<a  class=\"cz_btn cz_btn_txt_move_up cz_btn_unroll_v cz_mobile_btn_center\">\r\n\r\n\t\t\t\t\t<span><i class=\"czi czico-015-24-hours-support\"><\/i>\t\t\t\t\t\t<strong>Contactez-nous\t\t\t\t\t\t\t\t\t\t\t\t\t<\/strong>\r\n\t\t\t\t\t\t\t\t\t\t\t<\/span>\r\n\r\n\t\t\t\t\t<b class=\"cz_btn_onhover\">\r\n\t\t\t\t\t\t<i class=\"czi czico-015-24-hours-support\"><\/i>\t\t\t\t\t\t<strong>\r\n\t\t\t\t\t\t\tContactez-nous\t\t\t\t\t\t\t\t\t\t\t\t\t<\/strong>\r\n\t\t\t\t\t\t\t\t\t\t\t<\/b>\r\n\r\n\t\t\t\t<\/a>\r\n\t\t\t<\/div>\r\n\t\t<\/div> \t\t\t\t\t\t<\/div>\n\t\t\t\t<\/div>\n\t\t\t\t<\/div>\n\t\t\t\t\t<\/div>\n\t\t\t\t<\/div>\n\t\t<div class=\"elementor-element elementor-element-4d19221 e-flex e-con-boxed wpr-particle-no wpr-jarallax-no wpr-parallax-no wpr-sticky-section-no e-con e-parent\" data-id=\"4d19221\" data-element_type=\"container\">\n\t\t\t\t\t<div class=\"e-con-inner\">\n\t\t\t\t<div class=\"elementor-element elementor-element-25d2de2 elementor-widget elementor-widget-spacer\" data-id=\"25d2de2\" data-element_type=\"widget\" data-widget_type=\"spacer.default\">\n\t\t\t\t\t\t\t<div class=\"elementor-spacer\">\n\t\t\t<div class=\"elementor-spacer-inner\"><\/div>\n\t\t<\/div>\n\t\t\t\t\t\t<\/div>\n\t\t\t\t\t<\/div>\n\t\t\t\t<\/div>\n\t\t<div class=\"elementor-element elementor-element-ff9bc51 e-flex e-con-boxed wpr-particle-no wpr-jarallax-no wpr-parallax-no wpr-sticky-section-no e-con e-parent\" data-id=\"ff9bc51\" data-element_type=\"container\">\n\t\t\t\t\t<div class=\"e-con-inner\">\n\t\t\t\t\t<\/div>\n\t\t\t\t<\/div>\n\t\t\t\t<\/div>\n\t\t","protected":false},"excerpt":{"rendered":"<p>NOS SERVICES Les services d\u2019entreprise\u00a0 sont essentiels pour aider les entreprises &#8230; <\/p>\n","protected":false},"author":1,"featured_media":0,"parent":0,"menu_order":0,"comment_status":"closed","ping_status":"closed","template":"elementor_header_footer","meta":{"_eb_attr":"","wprm-recipe-roundup-name":"","wprm-recipe-roundup-description":"","footnotes":""},"class_list":["post-865","page","type-page","status-publish","hentry"],"_links":{"self":[{"href":"https:\/\/marusabg.com\/fr\/wp-json\/wp\/v2\/pages\/865","targetHints":{"allow":["GET"]}}],"collection":[{"href":"https:\/\/marusabg.com\/fr\/wp-json\/wp\/v2\/pages"}],"about":[{"href":"https:\/\/marusabg.com\/fr\/wp-json\/wp\/v2\/types\/page"}],"author":[{"embeddable":true,"href":"https:\/\/marusabg.com\/fr\/wp-json\/wp\/v2\/users\/1"}],"replies":[{"embeddable":true,"href":"https:\/\/marusabg.com\/fr\/wp-json\/wp\/v2\/comments?post=865"}],"version-history":[{"count":18,"href":"https:\/\/marusabg.com\/fr\/wp-json\/wp\/v2\/pages\/865\/revisions"}],"predecessor-version":[{"id":5065,"href":"https:\/\/marusabg.com\/fr\/wp-json\/wp\/v2\/pages\/865\/revisions\/5065"}],"wp:attachment":[{"href":"https:\/\/marusabg.com\/fr\/wp-json\/wp\/v2\/media?parent=865"}],"curies":[{"name":"wp","href":"https:\/\/api.w.org\/{rel}","templated":true}]}}